{"id":169,"date":"2019-11-14T14:50:00","date_gmt":"2019-11-14T14:50:00","guid":{"rendered":"http:\/\/www.inditlicht.nl\/public_html\/?page_id=169"},"modified":"2021-06-09T13:16:11","modified_gmt":"2021-06-09T13:16:11","slug":"margriet-eyken","status":"publish","type":"page","link":"http:\/\/www.inditlicht.nl\/public_html\/margriet-eyken\/","title":{"rendered":"Margriet Eyken"},"content":{"rendered":"<section class=\"av_textblock_section \"  itemscope=\"itemscope\" itemtype=\"https:\/\/schema.org\/CreativeWork\" ><div class='avia_textblock  '   itemprop=\"text\" ><h1 style=\"text-align: center;\">Margriet Eyken<\/h1>\n<h2 style=\"text-align: center;\">Lotuskalligrafie<\/h2>\n<h3 style=\"text-align: center;\">Techniek: gemengd (potlood\/aquarel\/krijt<\/h3>\n<p><img loading=\"lazy\" class=\"aligncenter size-full wp-image-457\" src=\"http:\/\/www.inditlicht.nl\/wp-content\/uploads\/2021\/05\/IMG_1185.png\" alt=\"\" width=\"1354\" height=\"856\" srcset=\"http:\/\/www.inditlicht.nl\/wp-content\/uploads\/2021\/05\/IMG_1185.png 1354w, http:\/\/www.inditlicht.nl\/wp-content\/uploads\/2021\/05\/IMG_1185-300x190.png 300w, http:\/\/www.inditlicht.nl\/wp-content\/uploads\/2021\/05\/IMG_1185-768x486.png 768w, http:\/\/www.inditlicht.nl\/wp-content\/uploads\/2021\/05\/IMG_1185-1030x651.png 1030w, http:\/\/www.inditlicht.nl\/wp-content\/uploads\/2021\/05\/IMG_1185-705x446.png 705w, http:\/\/www.inditlicht.nl\/wp-content\/uploads\/2021\/05\/IMG_1185-450x284.png 450w\" sizes=\"(max-width: 1354px) 100vw, 1354px\" \/><\/p>\n<p style=\"text-align: center;\"><strong>&#8216;Zegent Gij, O Heer mijn God, de goddelijke lotusboom en zijn bladeren, zijn takken, zijn twijgen, zijn stammen en zijn uitlopers, zolang Uw voortreffelijkste namen en Uw verhevenste eigenschappen blijven bestaan.&#8217;<\/strong><\/p>\n<p style=\"text-align: center;\"><span style=\"font-size: 10pt;\">&#8211; uit de Tafel van Ontmoeting<\/span><\/p>\n<p>Symboliek Lotuskalligrafie<br \/>\nDeze kalligrafie symboliseert de Bah\u00e1&#8217;i openbaring en de tweelingmanifestaties De B\u00e1b- kleur groen, het Eerste Punt en Bah\u00e1&#8217;u&#8217;ll\u00e1h kleur karmijnrood.<br \/>\nIn de kalligrafie zijn drie Arabische teksten verwerkt:<br \/>\nDe naam van De B\u00e1b<br \/>\nDe Verhevenste, Al-Al\u00e1- de titel van de B\u00e1b<br \/>\nDe Alglorierijke, Al-Abh\u00e1, de titel van Bah\u00e1&#8217;u&#8217;ll\u00e1h<br \/>\nTekening en lotuskalligrafie zijn begin 2017\u2014 174BE ontworpen ten behoeve van de 200ste viering van de geboortedag van Bah\u00e1&#8217;u&#8217;ll\u00e1h en is ook gebruikt bij de 200ste geboortedag van de B\u00e1b. Het ontwerp is gebruikt voor uitnodigingen en boekomslag.<br \/>\nKunstenaar: Margriet Eyken met medewerking van Zia Reyhani<br \/>\nBah\u00e1&#8217;i Gemeenschap Amersfoort: <a href=\"https:\/\/amersfoort.bahai.nl\" target=\"_blank\" rel=\"noopener noreferrer\">Amersfoort-bahai.nl<\/a><\/p>\n<p>Deze kalligrafie wil ik als aanzet gebruiken voor een ruimtelijk werk voor de zomer-expositie in 2020.<\/p>\n<p><a href=\"https:\/\/www.margrieteyken.nl\/margriet\/home.html\" target=\"_blank\" rel=\"noopener noreferrer\">www.margrieteyken.nl<\/a><\/p>\n<\/div><\/section>\n<div class='avia-button-wrap avia-button-left '><a href='http:\/\/www.inditlicht.nl\/public_html\/kunstenaars\/'  class='avia-button   avia-icon_select-yes-left-icon avia-color-theme-color avia-size-large avia-position-left '   ><span class='avia_button_icon avia_button_icon_left ' aria-hidden='true' data-av_icon='\ue830' data-av_iconfont='entypo-fontello'><\/span><span class='avia_iconbox_title' >Terug naar overzicht<\/span><\/a><\/div>\n","protected":false},"excerpt":{"rendered":"","protected":false},"author":1,"featured_media":0,"parent":0,"menu_order":0,"comment_status":"closed","ping_status":"closed","template":"","meta":[],"yoast_head":"<!-- This site is optimized with the Yoast SEO plugin v19.4 - https:\/\/yoast.com\/wordpress\/plugins\/seo\/ -->\n<title>Margriet Eyken - In dit Licht<\/title>\n<meta name=\"robots\" content=\"index, follow, max-snippet:-1, max-image-preview:large, max-video-preview:-1\" \/>\n<link rel=\"canonical\" href=\"http:\/\/www.inditlicht.nl\/public_html\/margriet-eyken\/\" \/>\n<meta property=\"og:locale\" content=\"nl_NL\" \/>\n<meta property=\"og:type\" content=\"article\" \/>\n<meta property=\"og:title\" content=\"Margriet Eyken - In dit Licht\" \/>\n<meta property=\"og:url\" content=\"http:\/\/www.inditlicht.nl\/public_html\/margriet-eyken\/\" \/>\n<meta property=\"og:site_name\" content=\"In dit Licht\" \/>\n<meta property=\"article:modified_time\" content=\"2021-06-09T13:16:11+00:00\" \/>\n<meta property=\"og:image\" content=\"http:\/\/www.inditlicht.nl\/wp-content\/uploads\/2021\/05\/IMG_1185.png\" \/>\n<meta name=\"twitter:card\" content=\"summary_large_image\" \/>\n<meta name=\"twitter:label1\" content=\"Geschatte leestijd\" \/>\n\t<meta name=\"twitter:data1\" content=\"1 minuut\" \/>\n<script type=\"application\/ld+json\" class=\"yoast-schema-graph\">{\"@context\":\"https:\/\/schema.org\",\"@graph\":[{\"@type\":\"WebSite\",\"@id\":\"http:\/\/www.inditlicht.nl\/public_html\/#website\",\"url\":\"http:\/\/www.inditlicht.nl\/public_html\/\",\"name\":\"In dit Licht\",\"description\":\"De wereld gezien in het licht van de Bah&aacute;&rsquo;&iacute; Openbaring\",\"potentialAction\":[{\"@type\":\"SearchAction\",\"target\":{\"@type\":\"EntryPoint\",\"urlTemplate\":\"http:\/\/www.inditlicht.nl\/public_html\/?s={search_term_string}\"},\"query-input\":\"required name=search_term_string\"}],\"inLanguage\":\"nl\"},{\"@type\":\"WebPage\",\"@id\":\"http:\/\/www.inditlicht.nl\/public_html\/margriet-eyken\/\",\"url\":\"http:\/\/www.inditlicht.nl\/public_html\/margriet-eyken\/\",\"name\":\"Margriet Eyken - In dit Licht\",\"isPartOf\":{\"@id\":\"http:\/\/www.inditlicht.nl\/public_html\/#website\"},\"datePublished\":\"2019-11-14T14:50:00+00:00\",\"dateModified\":\"2021-06-09T13:16:11+00:00\",\"breadcrumb\":{\"@id\":\"http:\/\/www.inditlicht.nl\/public_html\/margriet-eyken\/#breadcrumb\"},\"inLanguage\":\"nl\",\"potentialAction\":[{\"@type\":\"ReadAction\",\"target\":[\"http:\/\/www.inditlicht.nl\/public_html\/margriet-eyken\/\"]}]},{\"@type\":\"BreadcrumbList\",\"@id\":\"http:\/\/www.inditlicht.nl\/public_html\/margriet-eyken\/#breadcrumb\",\"itemListElement\":[{\"@type\":\"ListItem\",\"position\":1,\"name\":\"Home\",\"item\":\"http:\/\/www.inditlicht.nl\/public_html\/\"},{\"@type\":\"ListItem\",\"position\":2,\"name\":\"Margriet Eyken\"}]}]}<\/script>\n<!-- \/ Yoast SEO plugin. -->","yoast_head_json":{"title":"Margriet Eyken - In dit Licht","robots":{"index":"index","follow":"follow","max-snippet":"max-snippet:-1","max-image-preview":"max-image-preview:large","max-video-preview":"max-video-preview:-1"},"canonical":"http:\/\/www.inditlicht.nl\/public_html\/margriet-eyken\/","og_locale":"nl_NL","og_type":"article","og_title":"Margriet Eyken - In dit Licht","og_url":"http:\/\/www.inditlicht.nl\/public_html\/margriet-eyken\/","og_site_name":"In dit Licht","article_modified_time":"2021-06-09T13:16:11+00:00","og_image":[{"url":"http:\/\/www.inditlicht.nl\/wp-content\/uploads\/2021\/05\/IMG_1185.png"}],"twitter_card":"summary_large_image","twitter_misc":{"Geschatte leestijd":"1 minuut"},"schema":{"@context":"https:\/\/schema.org","@graph":[{"@type":"WebSite","@id":"http:\/\/www.inditlicht.nl\/public_html\/#website","url":"http:\/\/www.inditlicht.nl\/public_html\/","name":"In dit Licht","description":"De wereld gezien in het licht van de Bah&aacute;&rsquo;&iacute; Openbaring","potentialAction":[{"@type":"SearchAction","target":{"@type":"EntryPoint","urlTemplate":"http:\/\/www.inditlicht.nl\/public_html\/?s={search_term_string}"},"query-input":"required name=search_term_string"}],"inLanguage":"nl"},{"@type":"WebPage","@id":"http:\/\/www.inditlicht.nl\/public_html\/margriet-eyken\/","url":"http:\/\/www.inditlicht.nl\/public_html\/margriet-eyken\/","name":"Margriet Eyken - In dit Licht","isPartOf":{"@id":"http:\/\/www.inditlicht.nl\/public_html\/#website"},"datePublished":"2019-11-14T14:50:00+00:00","dateModified":"2021-06-09T13:16:11+00:00","breadcrumb":{"@id":"http:\/\/www.inditlicht.nl\/public_html\/margriet-eyken\/#breadcrumb"},"inLanguage":"nl","potentialAction":[{"@type":"ReadAction","target":["http:\/\/www.inditlicht.nl\/public_html\/margriet-eyken\/"]}]},{"@type":"BreadcrumbList","@id":"http:\/\/www.inditlicht.nl\/public_html\/margriet-eyken\/#breadcrumb","itemListElement":[{"@type":"ListItem","position":1,"name":"Home","item":"http:\/\/www.inditlicht.nl\/public_html\/"},{"@type":"ListItem","position":2,"name":"Margriet Eyken"}]}]}},"_links":{"self":[{"href":"http:\/\/www.inditlicht.nl\/public_html\/wp-json\/wp\/v2\/pages\/169"}],"collection":[{"href":"http:\/\/www.inditlicht.nl\/public_html\/wp-json\/wp\/v2\/pages"}],"about":[{"href":"http:\/\/www.inditlicht.nl\/public_html\/wp-json\/wp\/v2\/types\/page"}],"author":[{"embeddable":true,"href":"http:\/\/www.inditlicht.nl\/public_html\/wp-json\/wp\/v2\/users\/1"}],"replies":[{"embeddable":true,"href":"http:\/\/www.inditlicht.nl\/public_html\/wp-json\/wp\/v2\/comments?post=169"}],"version-history":[{"count":11,"href":"http:\/\/www.inditlicht.nl\/public_html\/wp-json\/wp\/v2\/pages\/169\/revisions"}],"predecessor-version":[{"id":609,"href":"http:\/\/www.inditlicht.nl\/public_html\/wp-json\/wp\/v2\/pages\/169\/revisions\/609"}],"wp:attachment":[{"href":"http:\/\/www.inditlicht.nl\/public_html\/wp-json\/wp\/v2\/media?parent=169"}],"curies":[{"name":"wp","href":"https:\/\/api.w.org\/{rel}","templated":true}]}}