{"id":190,"date":"2019-11-14T14:54:24","date_gmt":"2019-11-14T14:54:24","guid":{"rendered":"http:\/\/www.inditlicht.nl\/public_html\/?page_id=190"},"modified":"2021-06-09T13:27:04","modified_gmt":"2021-06-09T13:27:04","slug":"rosemarijn-mulder","status":"publish","type":"page","link":"http:\/\/www.inditlicht.nl\/public_html\/rosemarijn-mulder\/","title":{"rendered":"Rosemarijn Mulder"},"content":{"rendered":"<section class=\"av_textblock_section \"  itemscope=\"itemscope\" itemtype=\"https:\/\/schema.org\/CreativeWork\" ><div class='avia_textblock  '   itemprop=\"text\" ><h1 style=\"text-align: center;\">Rosemarijn Mulder<\/h1>\n<h2 style=\"text-align: center;\">&#8216;Viggo&#8221;<\/h2>\n<h3 style=\"text-align: center;\">Techniek: gemengd (strijkkralen,draad en acrylverf op mdf)<\/h3>\n<h4 style=\"text-align: center;\">Andrea (43) moeder van Viggo (11)<\/h4>\n<h5 style=\"text-align: center;\">64&#215;62 cm<\/h5>\n<p><img loading=\"lazy\" class=\"aligncenter size-full wp-image-475\" src=\"http:\/\/www.inditlicht.nl\/wp-content\/uploads\/2021\/05\/Vigo.jpg\" alt=\"\" width=\"317\" height=\"341\" srcset=\"http:\/\/www.inditlicht.nl\/wp-content\/uploads\/2021\/05\/Vigo.jpg 317w, http:\/\/www.inditlicht.nl\/wp-content\/uploads\/2021\/05\/Vigo-279x300.jpg 279w\" sizes=\"(max-width: 317px) 100vw, 317px\" \/><\/p>\n<p>Tijdens Andrea&#8217;s zwangerschap zei ze vaak een gebed voor haar ongeboren kind: &#8216;I ask Thee, then, o God of all existence and King of the Seen and Unseen, to bestow upon me a healthy child that he may make mention of Thee in Thy earth and may sing Thy praises in Thy lands.&#8217;<br \/>\nToen Viggo werd geboren bleek hij het Syndroom van Down te hebben, dat was natuurlijk wel even schrikken maar Andrea dacht: kennelijk is Viggo in God&#8217;s ogen helemaal gezond!<\/p>\n<p>Op het moment van dit schilderij is Viggo 11 jaar, volgens zijn moeder is hij goed in het geven van knuffels, ik heb er zelf al een aantal gehad en het is waar: zijn knuffels zijn zeldzaam zacht!<\/p>\n<p>Symboliek:<br \/>\nEen zwangere vrouw als eikenboom met vrucht. De eik vanwege zijn kracht en stevigheid. De ringen kunnen worden gezien als de stem van de baby, de tekst gaat in tegengestelde richting van moeder naar de baby.<br \/>\nAndrea gaat van een blanke naar een donkere huidskleur omdat Viggo&#8217;s pappa donker is. De ring onderin is een bah\u00e1&#8217;\u00ed ring, deze vorm wordt bovenin subtiel herhaald in het gezicht. Viggo is het eerste nederlandse kind van bah\u00e1&#8217;\u00ed ouders met het Syndroom van Down.<\/p>\n<p>Religieus Beeldend Werk<\/p>\n<p><a href=\"http:\/\/www.rosemaris.nl\" target=\"_blank\" rel=\"noopener noreferrer\">www.rosemaris.nl<\/a><\/p>\n<\/div><\/section>\n<div class='avia-button-wrap avia-button-left '><a href='http:\/\/www.inditlicht.nl\/public_html\/kunstenaars\/'  class='avia-button   avia-icon_select-yes-left-icon avia-color-theme-color avia-size-large avia-position-left '   ><span class='avia_button_icon avia_button_icon_left ' aria-hidden='true' data-av_icon='\ue830' data-av_iconfont='entypo-fontello'><\/span><span class='avia_iconbox_title' >Terug naar overzicht<\/span><\/a><\/div>\n","protected":false},"excerpt":{"rendered":"","protected":false},"author":1,"featured_media":0,"parent":0,"menu_order":0,"comment_status":"closed","ping_status":"closed","template":"","meta":[],"yoast_head":"<!-- This site is optimized with the Yoast SEO plugin v19.4 - https:\/\/yoast.com\/wordpress\/plugins\/seo\/ -->\n<title>Rosemarijn Mulder - In dit Licht<\/title>\n<meta name=\"robots\" content=\"index, follow, max-snippet:-1, max-image-preview:large, max-video-preview:-1\" \/>\n<link rel=\"canonical\" href=\"http:\/\/www.inditlicht.nl\/public_html\/rosemarijn-mulder\/\" \/>\n<meta property=\"og:locale\" content=\"nl_NL\" \/>\n<meta property=\"og:type\" content=\"article\" \/>\n<meta property=\"og:title\" content=\"Rosemarijn Mulder - In dit Licht\" \/>\n<meta property=\"og:url\" content=\"http:\/\/www.inditlicht.nl\/public_html\/rosemarijn-mulder\/\" \/>\n<meta property=\"og:site_name\" content=\"In dit Licht\" \/>\n<meta property=\"article:modified_time\" content=\"2021-06-09T13:27:04+00:00\" \/>\n<meta property=\"og:image\" content=\"http:\/\/www.inditlicht.nl\/wp-content\/uploads\/2021\/05\/Vigo.jpg\" \/>\n<meta name=\"twitter:card\" content=\"summary_large_image\" \/>\n<meta name=\"twitter:label1\" content=\"Geschatte leestijd\" \/>\n\t<meta name=\"twitter:data1\" content=\"2 minuten\" \/>\n<script type=\"application\/ld+json\" class=\"yoast-schema-graph\">{\"@context\":\"https:\/\/schema.org\",\"@graph\":[{\"@type\":\"WebSite\",\"@id\":\"http:\/\/www.inditlicht.nl\/public_html\/#website\",\"url\":\"http:\/\/www.inditlicht.nl\/public_html\/\",\"name\":\"In dit Licht\",\"description\":\"De wereld gezien in het licht van de Bah&aacute;&rsquo;&iacute; Openbaring\",\"potentialAction\":[{\"@type\":\"SearchAction\",\"target\":{\"@type\":\"EntryPoint\",\"urlTemplate\":\"http:\/\/www.inditlicht.nl\/public_html\/?s={search_term_string}\"},\"query-input\":\"required name=search_term_string\"}],\"inLanguage\":\"nl\"},{\"@type\":\"WebPage\",\"@id\":\"http:\/\/www.inditlicht.nl\/public_html\/rosemarijn-mulder\/\",\"url\":\"http:\/\/www.inditlicht.nl\/public_html\/rosemarijn-mulder\/\",\"name\":\"Rosemarijn Mulder - In dit Licht\",\"isPartOf\":{\"@id\":\"http:\/\/www.inditlicht.nl\/public_html\/#website\"},\"datePublished\":\"2019-11-14T14:54:24+00:00\",\"dateModified\":\"2021-06-09T13:27:04+00:00\",\"breadcrumb\":{\"@id\":\"http:\/\/www.inditlicht.nl\/public_html\/rosemarijn-mulder\/#breadcrumb\"},\"inLanguage\":\"nl\",\"potentialAction\":[{\"@type\":\"ReadAction\",\"target\":[\"http:\/\/www.inditlicht.nl\/public_html\/rosemarijn-mulder\/\"]}]},{\"@type\":\"BreadcrumbList\",\"@id\":\"http:\/\/www.inditlicht.nl\/public_html\/rosemarijn-mulder\/#breadcrumb\",\"itemListElement\":[{\"@type\":\"ListItem\",\"position\":1,\"name\":\"Home\",\"item\":\"http:\/\/www.inditlicht.nl\/public_html\/\"},{\"@type\":\"ListItem\",\"position\":2,\"name\":\"Rosemarijn Mulder\"}]}]}<\/script>\n<!-- \/ Yoast SEO plugin. -->","yoast_head_json":{"title":"Rosemarijn Mulder - In dit Licht","robots":{"index":"index","follow":"follow","max-snippet":"max-snippet:-1","max-image-preview":"max-image-preview:large","max-video-preview":"max-video-preview:-1"},"canonical":"http:\/\/www.inditlicht.nl\/public_html\/rosemarijn-mulder\/","og_locale":"nl_NL","og_type":"article","og_title":"Rosemarijn Mulder - In dit Licht","og_url":"http:\/\/www.inditlicht.nl\/public_html\/rosemarijn-mulder\/","og_site_name":"In dit Licht","article_modified_time":"2021-06-09T13:27:04+00:00","og_image":[{"url":"http:\/\/www.inditlicht.nl\/wp-content\/uploads\/2021\/05\/Vigo.jpg"}],"twitter_card":"summary_large_image","twitter_misc":{"Geschatte leestijd":"2 minuten"},"schema":{"@context":"https:\/\/schema.org","@graph":[{"@type":"WebSite","@id":"http:\/\/www.inditlicht.nl\/public_html\/#website","url":"http:\/\/www.inditlicht.nl\/public_html\/","name":"In dit Licht","description":"De wereld gezien in het licht van de Bah&aacute;&rsquo;&iacute; Openbaring","potentialAction":[{"@type":"SearchAction","target":{"@type":"EntryPoint","urlTemplate":"http:\/\/www.inditlicht.nl\/public_html\/?s={search_term_string}"},"query-input":"required name=search_term_string"}],"inLanguage":"nl"},{"@type":"WebPage","@id":"http:\/\/www.inditlicht.nl\/public_html\/rosemarijn-mulder\/","url":"http:\/\/www.inditlicht.nl\/public_html\/rosemarijn-mulder\/","name":"Rosemarijn Mulder - In dit Licht","isPartOf":{"@id":"http:\/\/www.inditlicht.nl\/public_html\/#website"},"datePublished":"2019-11-14T14:54:24+00:00","dateModified":"2021-06-09T13:27:04+00:00","breadcrumb":{"@id":"http:\/\/www.inditlicht.nl\/public_html\/rosemarijn-mulder\/#breadcrumb"},"inLanguage":"nl","potentialAction":[{"@type":"ReadAction","target":["http:\/\/www.inditlicht.nl\/public_html\/rosemarijn-mulder\/"]}]},{"@type":"BreadcrumbList","@id":"http:\/\/www.inditlicht.nl\/public_html\/rosemarijn-mulder\/#breadcrumb","itemListElement":[{"@type":"ListItem","position":1,"name":"Home","item":"http:\/\/www.inditlicht.nl\/public_html\/"},{"@type":"ListItem","position":2,"name":"Rosemarijn Mulder"}]}]}},"_links":{"self":[{"href":"http:\/\/www.inditlicht.nl\/public_html\/wp-json\/wp\/v2\/pages\/190"}],"collection":[{"href":"http:\/\/www.inditlicht.nl\/public_html\/wp-json\/wp\/v2\/pages"}],"about":[{"href":"http:\/\/www.inditlicht.nl\/public_html\/wp-json\/wp\/v2\/types\/page"}],"author":[{"embeddable":true,"href":"http:\/\/www.inditlicht.nl\/public_html\/wp-json\/wp\/v2\/users\/1"}],"replies":[{"embeddable":true,"href":"http:\/\/www.inditlicht.nl\/public_html\/wp-json\/wp\/v2\/comments?post=190"}],"version-history":[{"count":9,"href":"http:\/\/www.inditlicht.nl\/public_html\/wp-json\/wp\/v2\/pages\/190\/revisions"}],"predecessor-version":[{"id":614,"href":"http:\/\/www.inditlicht.nl\/public_html\/wp-json\/wp\/v2\/pages\/190\/revisions\/614"}],"wp:attachment":[{"href":"http:\/\/www.inditlicht.nl\/public_html\/wp-json\/wp\/v2\/media?parent=190"}],"curies":[{"name":"wp","href":"https:\/\/api.w.org\/{rel}","templated":true}]}}